{"id":14,"date":"2014-08-26T23:13:03","date_gmt":"2014-08-26T22:13:03","guid":{"rendered":"http:\/\/www.sextantfrance.fr\/vendre-immobilier\/?page_id=14"},"modified":"2017-10-13T11:35:21","modified_gmt":"2017-10-13T10:35:21","slug":"un-interlocuteur-unique","status":"publish","type":"page","link":"https:\/\/www.sextantfrance.fr\/vendre-immobilier\/un-interlocuteur-unique\/","title":{"rendered":"Un interlocuteur unique"},"content":{"rendered":"<p style=\"text-align: justify;\">Sextant est un r\u00e9seau d\u2019une cinquantaine de mandataires en immobilier r\u00e9partis sur l\u2019ensemble de la France. Chacun de nos\u00a0mandataires sont sp\u00e9cialis\u00e9s dans la vente de biens dans leur r\u00e9gion. Ils connaissent les attentes de notre client\u00e8le pour leur r\u00e9gion, les atouts et les d\u00e9fauts de chaque secteur. Confier la vente de votre bien \u00e0 un de nos agents est la garantie que votre bien sera \u00e9valu\u00e9 et pr\u00e9sent\u00e9 selon les crit\u00e8res rigoureux de la client\u00e8le internationale.<\/p>\n<p style=\"text-align: justify;\">Nos agents s\u2019engagent \u00e0 accompagner les potentiels acqu\u00e9reurs de la visite \u00e0 la signature et \u00e0 organiser des visites guid\u00e9es et personnalis\u00e9es afin de maximiser les chances de vente.<\/p>\n<div class=\"bg-grey\">\n<p style=\"text-align: justify;\"><strong>Chez Sextant France vous disposez d\u2019un interlocuteur unique\u00a0:<\/strong><\/p>\n<ul>\n<li style=\"text-align: justify;\">Un contrat de confiance pour lequel nos mandataires s\u2019engagent d\u00e8s la premi\u00e8re rencontre avec le vendeur<\/li>\n<li style=\"text-align: justify;\">Une perp\u00e9tuelle communication entre l\u2019agent et le vendeur\u00a0: chaque semaine votre agent vous propose un comte rendu des visites, de l\u2019avancement de votre dossier dans le processus de vente.<\/li>\n<li style=\"text-align: justify;\">Un moyen d\u2019\u00eatre guid\u00e9 tout au long du processus de vente et m\u00eame apr\u00e8s!<\/li>\n<li style=\"text-align: justify;\">B\u00e9n\u00e9ficier du savoir-faire des agents Sextant France dans l\u2019expertise de votre bien et la r\u00e9daction des annonces. Nos agents re\u00e7oivent une formation continue mensuelle et en e-learning.<\/li>\n<\/ul>\n<\/div>\n","protected":false},"excerpt":{"rendered":"<p>Sextant est un r\u00e9seau d\u2019une cinquantaine de mandataires en immobilier r\u00e9partis sur l\u2019ensemble de la France. Chacun de nos\u00a0mandataires sont sp\u00e9cialis\u00e9s dans la vente de biens dans leur r\u00e9gion. Ils connaissent les attentes de notre client\u00e8le pour leur r\u00e9gion, les atouts et les d\u00e9fauts de chaque secteur. Confier la vente de votre bien \u00e0 un [&hellip;]<\/p>\n","protected":false},"author":2,"featured_media":98,"parent":0,"menu_order":0,"comment_status":"open","ping_status":"open","template":"","meta":{"footnotes":""},"_links":{"self":[{"href":"https:\/\/www.sextantfrance.fr\/vendre-immobilier\/wp-json\/wp\/v2\/pages\/14"}],"collection":[{"href":"https:\/\/www.sextantfrance.fr\/vendre-immobilier\/wp-json\/wp\/v2\/pages"}],"about":[{"href":"https:\/\/www.sextantfrance.fr\/vendre-immobilier\/wp-json\/wp\/v2\/types\/page"}],"author":[{"embeddable":true,"href":"https:\/\/www.sextantfrance.fr\/vendre-immobilier\/wp-json\/wp\/v2\/users\/2"}],"replies":[{"embeddable":true,"href":"https:\/\/www.sextantfrance.fr\/vendre-immobilier\/wp-json\/wp\/v2\/comments?post=14"}],"version-history":[{"count":2,"href":"https:\/\/www.sextantfrance.fr\/vendre-immobilier\/wp-json\/wp\/v2\/pages\/14\/revisions"}],"predecessor-version":[{"id":328,"href":"https:\/\/www.sextantfrance.fr\/vendre-immobilier\/wp-json\/wp\/v2\/pages\/14\/revisions\/328"}],"wp:featuredmedia":[{"embeddable":true,"href":"https:\/\/www.sextantfrance.fr\/vendre-immobilier\/wp-json\/wp\/v2\/media\/98"}],"wp:attachment":[{"href":"https:\/\/www.sextantfrance.fr\/vendre-immobilier\/wp-json\/wp\/v2\/media?parent=14"}],"curies":[{"name":"wp","href":"https:\/\/api.w.org\/{rel}","templated":true}]}}