{"id":29,"date":"2014-09-05T10:20:21","date_gmt":"2014-09-05T09:20:21","guid":{"rendered":"http:\/\/www.sextantfrance.fr\/vendre-immobilier\/?page_id=29"},"modified":"2023-07-11T10:20:53","modified_gmt":"2023-07-11T09:20:53","slug":"home","status":"publish","type":"page","link":"https:\/\/www.sextantfrance.fr\/vendre-immobilier\/","title":{"rendered":"Vendre son bien immobilier"},"content":{"rendered":"<p>Nous travaillons dur pour vendre votre bien immobilier au meilleur prix et rapidement.<\/p>\n<ul class=\"list_ico\">\n<li class=\"ico_01\">Des milliers de <a title=\"T\u00e9moignages\" href=\"https:\/\/www.sextantfrance.fr\/vendre-immobilier\/temoignages-de-nos-anciens-vendeurs\/\">vendeurs satisfaits<\/a><\/li>\n<li class=\"ico_02\">Horaires de visites adapt\u00e9s<\/li>\n<li class=\"ico_03\">Pr\u00e9sentation soign\u00e9es des biens<\/li>\n<li class=\"ico_04\">Membre du <a title=\"SNPI\" href=\"http:\/\/www.snpi.com\" target=\"_blank\" rel=\"noopener noreferrer\">SNPI <\/a><\/li>\n<li class=\"ico_05\"><strong><a title=\"Estimation immobiliere\" href=\"http:\/\/www.jestimonline.com\/?agenceId=544\" target=\"_blank\" rel=\"noopener noreferrer\">Estimation gratuite<\/a><\/strong> sans engagement<\/li>\n<li class=\"ico_05\"><strong><a title=\"Contact\" href=\"http:\/\/www.sextantfrance.fr\/fr\/contact.htm\">Contact us<\/a><\/strong><\/li>\n<\/ul>\n<p>&nbsp;<\/p>\n","protected":false},"excerpt":{"rendered":"<p>Nous travaillons dur pour vendre votre bien immobilier au meilleur prix et rapidement. Des milliers de vendeurs satisfaits Horaires de visites adapt\u00e9s Pr\u00e9sentation soign\u00e9es des biens Membre du SNPI Estimation gratuite sans engagement Contact us &nbsp;<\/p>\n","protected":false},"author":2,"featured_media":0,"parent":0,"menu_order":0,"comment_status":"open","ping_status":"open","template":"","meta":{"footnotes":""},"_links":{"self":[{"href":"https:\/\/www.sextantfrance.fr\/vendre-immobilier\/wp-json\/wp\/v2\/pages\/29"}],"collection":[{"href":"https:\/\/www.sextantfrance.fr\/vendre-immobilier\/wp-json\/wp\/v2\/pages"}],"about":[{"href":"https:\/\/www.sextantfrance.fr\/vendre-immobilier\/wp-json\/wp\/v2\/types\/page"}],"author":[{"embeddable":true,"href":"https:\/\/www.sextantfrance.fr\/vendre-immobilier\/wp-json\/wp\/v2\/users\/2"}],"replies":[{"embeddable":true,"href":"https:\/\/www.sextantfrance.fr\/vendre-immobilier\/wp-json\/wp\/v2\/comments?post=29"}],"version-history":[{"count":4,"href":"https:\/\/www.sextantfrance.fr\/vendre-immobilier\/wp-json\/wp\/v2\/pages\/29\/revisions"}],"predecessor-version":[{"id":410,"href":"https:\/\/www.sextantfrance.fr\/vendre-immobilier\/wp-json\/wp\/v2\/pages\/29\/revisions\/410"}],"wp:attachment":[{"href":"https:\/\/www.sextantfrance.fr\/vendre-immobilier\/wp-json\/wp\/v2\/media?parent=29"}],"curies":[{"name":"wp","href":"https:\/\/api.w.org\/{rel}","templated":true}]}}