{"id":6,"date":"2014-08-26T23:11:47","date_gmt":"2014-08-26T22:11:47","guid":{"rendered":"http:\/\/www.sextantfrance.fr\/vendre-immobilier\/?page_id=6"},"modified":"2014-09-05T11:08:59","modified_gmt":"2014-09-05T10:08:59","slug":"la-puissance-dun-reseau","status":"publish","type":"page","link":"https:\/\/www.sextantfrance.fr\/vendre-immobilier\/la-puissance-dun-reseau\/","title":{"rendered":"La puissance d&#8217;un r\u00e9seau"},"content":{"rendered":"<p style=\"text-align: justify;\">Depuis sa cr\u00e9ation, <strong>Sextant France<\/strong> est consid\u00e9r\u00e9 comme le leader incontest\u00e9 de la vente de biens immobiliers en France aupr\u00e8s d\u2019une client\u00e8le \u00e9trang\u00e8re. Sa dimension internationale permet la mise en valeur des biens de ses mandataires sur la sc\u00e8ne internationale et ainsi de faciliter la vente de ces propri\u00e9t\u00e9s aupr\u00e8s d\u2019une client\u00e8le \u00e9trang\u00e8re. Etre mandataire chez Sextant France, c\u2019est donc naturellement b\u00e9n\u00e9ficier d\u2019un r\u00e9seau qui rayonne sur l\u2019ensemble de la France et qui propose un large panel de biens immobiliers autant \u00e0 une client\u00e8le locale, nationale et internationale.<\/p>\n<p style=\"text-align: justify;\">Sextant est un r\u00e9seau de 50 mandataires en immobilier r\u00e9partis sur l\u2019ensemble de la France. Chacun de nos\u00a0mandataires sont sp\u00e9cialis\u00e9s dans la vente de biens dans leur r\u00e9gion. Ils connaissent les attentes de notre client\u00e8le pour leur r\u00e9gion, les atouts et les d\u00e9fauts de chaque secteur. Confier la vente de votre bien \u00e0 un de nos agents est la garantie que votre bien sera \u00e9valu\u00e9 et pr\u00e9sent\u00e9 selon les crit\u00e8res rigoureux de la client\u00e8le internationale<\/p>\n<p style=\"text-align: justify;\">Depuis 2010, <strong>Sextant France<\/strong> d\u00e9veloppe sous le nom de Sextant Prestige la vente de biens immobiliers de luxe \u00e0 destination d\u2019une client\u00e8le internationale. L\u2019agence propose sur son site www.sextant-prestige.com (enti\u00e8rement en anglais) une s\u00e9lection d\u2019environ 800 propri\u00e9t\u00e9s d\u2019exception sur l\u2019ensemble de la France. C\u2019est ce rayonnement et cette l\u00e9gitimit\u00e9 \u00e0 l\u2019internationale (Sextant dispose depuis 9 ans d\u2019un bureau \u00e0 Londres) qui diff\u00e9rencie Sextant France des autres agences immobili\u00e8res sp\u00e9cialis\u00e9es dans le luxe. On note que ces derni\u00e8res ann\u00e9es ont \u00e9t\u00e9 marqu\u00e9es par une demande croissante de biens immobiliers de Prestige en France. De plus, cette client\u00e8le s\u2019av\u00e8re majoritairement \u00e9trang\u00e8re. <strong>Sextant Prestige<\/strong> b\u00e9n\u00e9ficie donc d\u2019un positionnement id\u00e9al pour r\u00e9pondre \u00e0 cette demande. Sur le segment du luxe, parall\u00e8lement \u00e0 sa client\u00e8le internationale, <strong>Sextant France<\/strong> accorde une attention particuli\u00e8re \u00e0 sa client\u00e8le fran\u00e7aise et francophone. C\u2019est pourquoi le r\u00e9seau permet \u00e0 ses mandataires depuis le mois de Juin 2014 de mettre en avant leurs biens sur les portails et magazines sp\u00e9cialis\u00e9s sur cette client\u00e8le telle que Belles Demeures et Lux-R\u00e9sidence.<\/p>\n<p style=\"text-align: justify;\">En r\u00e9sum\u00e9, chez<strong> Sextant France<\/strong>, au-del\u00e0 de l\u2019offre classique de n\u2019importe quel r\u00e9seau concernant les biens immobiliers classiques (avec la pr\u00e9sence des biens de chaque mandataire sur Se Loger, Le Bon Coin, Paru Vendu, etc\u2026), les mandataires ont \u00e9galement la possibilit\u00e9 de faire rayonner leurs biens \u00e0 l\u2019international ainsi que sur les sites de Prestige. Il s\u2019agit ainsi aujourd\u2019hui de l\u2019offre la plus compl\u00e8te offerte par un r\u00e9seau de mandataires en immobilier.<\/p>\n","protected":false},"excerpt":{"rendered":"<p>Depuis sa cr\u00e9ation, Sextant France est consid\u00e9r\u00e9 comme le leader incontest\u00e9 de la vente de biens immobiliers en France aupr\u00e8s d\u2019une client\u00e8le \u00e9trang\u00e8re. Sa dimension internationale permet la mise en valeur des biens de ses mandataires sur la sc\u00e8ne internationale et ainsi de faciliter la vente de ces propri\u00e9t\u00e9s aupr\u00e8s d\u2019une client\u00e8le \u00e9trang\u00e8re. Etre mandataire [&hellip;]<\/p>\n","protected":false},"author":2,"featured_media":53,"parent":0,"menu_order":0,"comment_status":"open","ping_status":"open","template":"","meta":{"footnotes":""},"_links":{"self":[{"href":"https:\/\/www.sextantfrance.fr\/vendre-immobilier\/wp-json\/wp\/v2\/pages\/6"}],"collection":[{"href":"https:\/\/www.sextantfrance.fr\/vendre-immobilier\/wp-json\/wp\/v2\/pages"}],"about":[{"href":"https:\/\/www.sextantfrance.fr\/vendre-immobilier\/wp-json\/wp\/v2\/types\/page"}],"author":[{"embeddable":true,"href":"https:\/\/www.sextantfrance.fr\/vendre-immobilier\/wp-json\/wp\/v2\/users\/2"}],"replies":[{"embeddable":true,"href":"https:\/\/www.sextantfrance.fr\/vendre-immobilier\/wp-json\/wp\/v2\/comments?post=6"}],"version-history":[{"count":0,"href":"https:\/\/www.sextantfrance.fr\/vendre-immobilier\/wp-json\/wp\/v2\/pages\/6\/revisions"}],"wp:featuredmedia":[{"embeddable":true,"href":"https:\/\/www.sextantfrance.fr\/vendre-immobilier\/wp-json\/wp\/v2\/media\/53"}],"wp:attachment":[{"href":"https:\/\/www.sextantfrance.fr\/vendre-immobilier\/wp-json\/wp\/v2\/media?parent=6"}],"curies":[{"name":"wp","href":"https:\/\/api.w.org\/{rel}","templated":true}]}}